{"id":8,"date":"2021-02-12T20:53:43","date_gmt":"2021-02-12T19:53:43","guid":{"rendered":"http:\/\/arhex.pl\/?page_id=8"},"modified":"2021-02-14T19:14:12","modified_gmt":"2021-02-14T18:14:12","slug":"o-nas","status":"publish","type":"page","link":"http:\/\/arhex.pl\/?page_id=8","title":{"rendered":"Czym si\u0119 zajmujemy&#8230;"},"content":{"rendered":"\n<p>Systemy Sygnalizacji W\u0142amania i Napadu<\/p>\n\n\n\n<p>Systemy alarmowe obecnie sta\u0142y si\u0119 podstawow\u0105 form\u0105 zabezpieczenia mienia oraz os\u00f3b. Stosowane s\u0105 zar\u00f3wno w du\u017cych obiektach, instytucjach publicznych, sklepach, magazynach jak i w budynkach mieszkalnych. Instalujemy tylko systemy czo\u0142owych producent\u00f3w, kt\u00f3re zapewniaj\u0105 maksymalny poziom bezpiecze\u0144stwa oraz znikome ryzyko fa\u0142szywych alarm\u00f3w. <\/p>\n\n\n\n<p>Systemy kontroli dost\u0119pu (KD)<\/p>\n\n\n\n<p>Kontrola dost\u0119pu to systemy uniemo\u017cliwiaj\u0105ce dost\u0119p do obszar\u00f3w chronionych dla os\u00f3b nieupowa\u017cnionych. Umo\u017cliwiaj\u0105 r\u00f3wnie\u017c ewidencjonowanie wej\u015b\u0107 \/ wyj\u015b\u0107 z w\/w pomieszcze\u0144 oraz zarz\u0105dzanie prawami dost\u0119pu dla poszczeg\u00f3lnych os\u00f3b.<\/p>\n\n\n\n<p>Monitoring CCTV<\/p>\n\n\n\n<p>Kamery umo\u017cliwiaj\u0105 nam podgl\u0105d na \u017cywo monitorowanych obszar\u00f3w jak i zapis nagra\u0144 w celu ich p\u00f3\u017aniejszego odtworzenia. Stosowane s\u0105 zar\u00f3wno wewn\u0105trz jak i na zewn\u0105trz pomieszcze\u0144. Niezale\u017cnie od warunk\u00f3w o\u015bwietleniowych oraz innych czynnik\u00f3w zewn\u0119trznych prawid\u0142owo zaprojektowany system CCTV umo\u017cliwia prawid\u0142ow\u0105 identyfikacj\u0119 wszystkich obiekt\u00f3w, kt\u00f3re chcemy obserwowa\u0107.<\/p>\n\n\n\n<p>Systemy inteligentnego domu<\/p>\n\n\n\n<p>Inteligentne instalacje to nie tylko oszcz\u0119dne wykorzystanie energii &#8211; to przede wszystkim komfort i automatyzacja codziennych czynno\u015bci. Dzi\u0119ki nim mo\u017cemy zintegrowa\u0107 dzia\u0142anie poszczeg\u00f3lnych system\u00f3w pocz\u0105wszy od ogrzewania, rekuperacji, nawadniania ogrodu, bram wjazdowych a\u017c po ekspres do kawy. Jeste\u015bmy autoryzowanym instalatorem firmy Deimic &#8211; czo\u0142owego polskiego producenta system\u00f3w inteligentnego domu. <\/p>\n\n\n\n<p>Sieci LAN<\/p>\n\n\n\n<p>Projektujemy, serwisujemy, wykonujemy sieci komputerowe. Nie tylko du\u017ce biura wykorzystuj\u0105 sieci lokalne, r\u00f3wnie\u017c jest to element niezb\u0119dny w budynkach mieszkalnych. <\/p>\n\n\n\n<p>Nap\u0119dy do bram<\/p>\n\n\n\n<p> Zajmujemy si\u0119 monta\u017cem nap\u0119d\u00f3w zar\u00f3wno do bram skrzyd\u0142owych jak i przesuwnych. Prawid\u0142owo dobrany nap\u0119d dzia\u0142a w ka\u017cdych warunkach atmosferycznych. Je\u015bli posiadasz ju\u017c piloty do innych urz\u0105dze\u0144 bezprzewodowych &#8211; nic nie stoi na przeszkodzie aby wszystkie urz\u0105dzenia zintegrowa\u0107 i korzysta\u0107 z jednego pilota do wszystkiego. <\/p>\n","protected":false},"excerpt":{"rendered":"<p>Systemy Sygnalizacji W\u0142amania i Napadu Systemy alarmowe obecnie sta\u0142y si\u0119 podstawow\u0105 form\u0105 zabezpieczenia mienia oraz os\u00f3b. Stosowane s\u0105 zar\u00f3wno w du\u017cych obiektach, instytucjach publicznych, sklepach, magazynach jak i w budynkach mieszkalnych. Instalujemy tylko systemy czo\u0142owych producent\u00f3w, kt\u00f3re zapewniaj\u0105 maksymalny poziom bezpiecze\u0144stwa oraz znikome ryzyko fa\u0142szywych alarm\u00f3w. Systemy kontroli dost\u0119pu (KD) Kontrola dost\u0119pu to systemy uniemo\u017cliwiaj\u0105ce [&hellip;]<\/p>\n","protected":false},"author":1,"featured_media":0,"parent":0,"menu_order":0,"comment_status":"closed","ping_status":"closed","template":"","meta":[],"_links":{"self":[{"href":"http:\/\/arhex.pl\/index.php?rest_route=\/wp\/v2\/pages\/8"}],"collection":[{"href":"http:\/\/arhex.pl\/index.php?rest_route=\/wp\/v2\/pages"}],"about":[{"href":"http:\/\/arhex.pl\/index.php?rest_route=\/wp\/v2\/types\/page"}],"author":[{"embeddable":true,"href":"http:\/\/arhex.pl\/index.php?rest_route=\/wp\/v2\/users\/1"}],"replies":[{"embeddable":true,"href":"http:\/\/arhex.pl\/index.php?rest_route=%2Fwp%2Fv2%2Fcomments&post=8"}],"version-history":[{"count":3,"href":"http:\/\/arhex.pl\/index.php?rest_route=\/wp\/v2\/pages\/8\/revisions"}],"predecessor-version":[{"id":43,"href":"http:\/\/arhex.pl\/index.php?rest_route=\/wp\/v2\/pages\/8\/revisions\/43"}],"wp:attachment":[{"href":"http:\/\/arhex.pl\/index.php?rest_route=%2Fwp%2Fv2%2Fmedia&parent=8"}],"curies":[{"name":"wp","href":"https:\/\/api.w.org\/{rel}","templated":true}]}}