{"id":54,"date":"2022-01-25T21:14:22","date_gmt":"2022-01-25T20:14:22","guid":{"rendered":"http:\/\/arhex.pl\/?page_id=54"},"modified":"2022-04-11T11:52:13","modified_gmt":"2022-04-11T09:52:13","slug":"wsparcie","status":"publish","type":"page","link":"http:\/\/arhex.pl\/?page_id=54","title":{"rendered":"Wsparcie"},"content":{"rendered":"\n<p>Znajdziesz tutaj programy, instrukcje oraz inne przydatne narz\u0119dzia dotycz\u0105ce wsparcia instalowanych przez nas produkt\u00f3w.<\/p>\n\n\n\n<!-- TeamViewer Logo (generated at https:\/\/www.teamviewer.com) -->\n<div style=\"position:relative; width:200px; height:125px;\">\n  <a href=\"https:\/\/get.teamviewer.com\/6xeet8h\" style=\"text-decoration:none;\">\n    <img loading=\"lazy\" src=\"https:\/\/static.teamviewer.com\/resources\/badges\/teamviewer_badge_flat2.png\" alt=\"TeamViewer umo\u017cliwia zdaln\u0105 pomoc!\" title=\"TeamViewer umo\u017cliwia zdaln\u0105 pomoc!\" border=\"0\" width=\"200\" height=\"125\" \/>\n    <span style=\"position:absolute; top:77.5px; left:5px; display:block; cursor:pointer; color:White; font-family:Arial; font-size:14px; line-height:1.2em; font-weight:bold; text-align:center; width:190px;\">\n      Zdalna pomoc z wykorzystaniem TeamViewer!\n    <\/span>\n  <\/a>\n<\/div>\n    \n\n\n\n<div class=\"wp-container-1 wp-block-buttons\">\n<div class=\"wp-block-button\"><a class=\"wp-block-button__link has-text-color has-background\" style=\"border-radius:50px;background:linear-gradient(135deg,rgb(135,9,53) 0%,rgb(179,22,22) 100%);color:#fffffa\">PROGRAMY<\/a><\/div>\n\n\n\n<div class=\"wp-block-button\"><a class=\"wp-block-button__link has-text-color has-background\" style=\"border-radius:50px;background:linear-gradient(317deg,rgb(135,9,53) 0%,rgb(179,22,22) 100%);color:#fffffa\">INSTRUKCJE<\/a><\/div>\n<\/div>\n\n\n\n<p><\/p>\n","protected":false},"excerpt":{"rendered":"<p>Znajdziesz tutaj programy, instrukcje oraz inne przydatne narz\u0119dzia dotycz\u0105ce wsparcia instalowanych przez nas produkt\u00f3w. Zdalna pomoc z wykorzystaniem TeamViewer!<\/p>\n","protected":false},"author":1,"featured_media":0,"parent":0,"menu_order":0,"comment_status":"closed","ping_status":"closed","template":"","meta":[],"_links":{"self":[{"href":"http:\/\/arhex.pl\/index.php?rest_route=\/wp\/v2\/pages\/54"}],"collection":[{"href":"http:\/\/arhex.pl\/index.php?rest_route=\/wp\/v2\/pages"}],"about":[{"href":"http:\/\/arhex.pl\/index.php?rest_route=\/wp\/v2\/types\/page"}],"author":[{"embeddable":true,"href":"http:\/\/arhex.pl\/index.php?rest_route=\/wp\/v2\/users\/1"}],"replies":[{"embeddable":true,"href":"http:\/\/arhex.pl\/index.php?rest_route=%2Fwp%2Fv2%2Fcomments&post=54"}],"version-history":[{"count":5,"href":"http:\/\/arhex.pl\/index.php?rest_route=\/wp\/v2\/pages\/54\/revisions"}],"predecessor-version":[{"id":71,"href":"http:\/\/arhex.pl\/index.php?rest_route=\/wp\/v2\/pages\/54\/revisions\/71"}],"wp:attachment":[{"href":"http:\/\/arhex.pl\/index.php?rest_route=%2Fwp%2Fv2%2Fmedia&parent=54"}],"curies":[{"name":"wp","href":"https:\/\/api.w.org\/{rel}","templated":true}]}}